{"id":20,"date":"2022-08-12T19:18:42","date_gmt":"2022-08-12T19:18:42","guid":{"rendered":"https:\/\/caridadloja.es\/?page_id=20"},"modified":"2024-06-10T16:20:28","modified_gmt":"2024-06-10T16:20:28","slug":"cultos","status":"publish","type":"page","link":"https:\/\/caridadloja.es\/?page_id=20","title":{"rendered":"CULTOS"},"content":{"rendered":"\n<p><\/p>\n\n\n\n<p class=\"has-text-align-center\"><strong>Todos los jueves del a\u00f1o en nuestra Sede Can\u00f3nica La Ermita de la Caridad, salvo coincidencia con otros cultos establecidos en la Iglesia Mayor de la Encarnaci\u00f3n, se celebra la Exposici\u00f3n del Sant\u00edsimo y posteriormente la Santa Misa.<\/strong><\/p>\n\n\n\n<div class=\"wp-block-columns is-layout-flex wp-container-core-columns-is-layout-9d6595d7 wp-block-columns-is-layout-flex\">\n<div class=\"wp-block-column is-layout-flow wp-block-column-is-layout-flow\">\n<p><\/p>\n\n\n\n<p>Primer viernes del mes de Junio, Santa Misa en honor a Nuestra Se\u00f1ora de la Caridad y seguidamente Devoto Traslado de Nuestra Excelsa Patrona, desde la Ermita hasta la Iglesia Mayor de Santa Mar\u00eda de la Encarnaci\u00f3n.<\/p>\n<\/div>\n\n\n\n<div class=\"wp-block-column is-layout-flow wp-block-column-is-layout-flow\">\n<figure class=\"wp-block-image size-large\"><img loading=\"lazy\" decoding=\"async\" width=\"578\" height=\"1024\" src=\"https:\/\/caridadloja.es\/wp-content\/uploads\/2023\/12\/1702317652171-578x1024.jpg\" alt=\"\" class=\"wp-image-418\" srcset=\"https:\/\/caridadloja.es\/wp-content\/uploads\/2023\/12\/1702317652171-578x1024.jpg 578w, https:\/\/caridadloja.es\/wp-content\/uploads\/2023\/12\/1702317652171-169x300.jpg 169w, https:\/\/caridadloja.es\/wp-content\/uploads\/2023\/12\/1702317652171-768x1361.jpg 768w, https:\/\/caridadloja.es\/wp-content\/uploads\/2023\/12\/1702317652171-867x1536.jpg 867w, https:\/\/caridadloja.es\/wp-content\/uploads\/2023\/12\/1702317652171.jpg 1156w\" sizes=\"auto, (max-width: 578px) 100vw, 578px\" \/><\/figure>\n<\/div>\n<\/div>\n\n\n\n<p class=\"has-text-align-center\">Treinta de Agosto, desde las 19:00h, Ofrenda Floral a Nuestra Patrona la Virgen de la Caridad y a las 20:00h celebraci\u00f3n de la Sagrada Eucarist\u00eda.<\/p>\n\n\n\n<div class=\"wp-block-columns is-layout-flex wp-container-core-columns-is-layout-9d6595d7 wp-block-columns-is-layout-flex\">\n<div class=\"wp-block-column is-layout-flow wp-block-column-is-layout-flow\" style=\"flex-basis:33.33%\">\n<figure class=\"wp-block-image size-large is-resized\"><img loading=\"lazy\" decoding=\"async\" width=\"771\" height=\"1024\" src=\"https:\/\/caridadloja.es\/wp-content\/uploads\/2023\/12\/1702317879243-771x1024.jpg\" alt=\"\" class=\"wp-image-420\" style=\"width:223px;height:auto\" srcset=\"https:\/\/caridadloja.es\/wp-content\/uploads\/2023\/12\/1702317879243-771x1024.jpg 771w, https:\/\/caridadloja.es\/wp-content\/uploads\/2023\/12\/1702317879243-226x300.jpg 226w, https:\/\/caridadloja.es\/wp-content\/uploads\/2023\/12\/1702317879243-768x1020.jpg 768w, https:\/\/caridadloja.es\/wp-content\/uploads\/2023\/12\/1702317879243.jpg 1080w\" sizes=\"auto, (max-width: 771px) 100vw, 771px\" \/><\/figure>\n<\/div>\n\n\n\n<div class=\"wp-block-column is-layout-flow wp-block-column-is-layout-flow\" style=\"flex-basis:66.66%\">\n<figure class=\"wp-block-image size-large is-resized\"><img loading=\"lazy\" decoding=\"async\" width=\"1024\" height=\"768\" src=\"https:\/\/caridadloja.es\/wp-content\/uploads\/2023\/12\/1702317879237-1024x768.jpg\" alt=\"\" class=\"wp-image-421\" style=\"width:395px;height:auto\" srcset=\"https:\/\/caridadloja.es\/wp-content\/uploads\/2023\/12\/1702317879237-1024x768.jpg 1024w, https:\/\/caridadloja.es\/wp-content\/uploads\/2023\/12\/1702317879237-300x225.jpg 300w, https:\/\/caridadloja.es\/wp-content\/uploads\/2023\/12\/1702317879237-768x576.jpg 768w, https:\/\/caridadloja.es\/wp-content\/uploads\/2023\/12\/1702317879237.jpg 1080w\" sizes=\"auto, (max-width: 1024px) 100vw, 1024px\" \/><\/figure>\n<\/div>\n<\/div>\n\n\n\n<p class=\"has-text-align-center\">Treinta y uno de Agosto, primer d\u00eda de Novena en honor a Nuestra Se\u00f1ora de la Caridad, a las 20:00h, y finalizada la Eucarist\u00eda, Solemne Procesi\u00f3n de Nuestra Titular Gloriosa.<\/p>\n\n\n\n<figure class=\"wp-block-image size-large\"><img loading=\"lazy\" decoding=\"async\" width=\"1024\" height=\"683\" src=\"https:\/\/caridadloja.es\/wp-content\/uploads\/2023\/02\/1677173130215-1-1024x683.jpg\" alt=\"\" class=\"wp-image-204\" srcset=\"https:\/\/caridadloja.es\/wp-content\/uploads\/2023\/02\/1677173130215-1-1024x683.jpg 1024w, https:\/\/caridadloja.es\/wp-content\/uploads\/2023\/02\/1677173130215-1-300x200.jpg 300w, https:\/\/caridadloja.es\/wp-content\/uploads\/2023\/02\/1677173130215-1-768x512.jpg 768w, https:\/\/caridadloja.es\/wp-content\/uploads\/2023\/02\/1677173130215-1-1536x1024.jpg 1536w, https:\/\/caridadloja.es\/wp-content\/uploads\/2023\/02\/1677173130215-1-1568x1045.jpg 1568w, https:\/\/caridadloja.es\/wp-content\/uploads\/2023\/02\/1677173130215-1.jpg 2048w\" sizes=\"auto, (max-width: 1024px) 100vw, 1024px\" \/><\/figure>\n\n\n\n<p class=\"has-text-align-center\">Desde el treinta y uno de Agosto hasta el ocho de Septiembre se celebra la Exposici\u00f3n del Sant\u00edsimo, Rezo del Santo Rosario y Solemne Eucarist\u00eda en honor a Nuestra Madre de la Caridad, predicada por diferentes p\u00e1rrocos de la Archidi\u00f3cesis ofrecida a diferentes colectivos loje\u00f1os: comerciantes, cuerpos de seguridad, residencias, sanitarios, difuntos, j\u00f3venes y hermandades y cofrad\u00edas loje\u00f1as.<\/p>\n\n\n\n<div class=\"wp-block-columns is-layout-flex wp-container-core-columns-is-layout-9d6595d7 wp-block-columns-is-layout-flex\">\n<div class=\"wp-block-column is-layout-flow wp-block-column-is-layout-flow\">\n<figure class=\"wp-block-image size-large\"><img loading=\"lazy\" decoding=\"async\" width=\"1024\" height=\"771\" src=\"https:\/\/caridadloja.es\/wp-content\/uploads\/2023\/12\/1702318031132-1024x771.jpg\" alt=\"\" class=\"wp-image-422\" srcset=\"https:\/\/caridadloja.es\/wp-content\/uploads\/2023\/12\/1702318031132-1024x771.jpg 1024w, https:\/\/caridadloja.es\/wp-content\/uploads\/2023\/12\/1702318031132-300x226.jpg 300w, https:\/\/caridadloja.es\/wp-content\/uploads\/2023\/12\/1702318031132-768x578.jpg 768w, https:\/\/caridadloja.es\/wp-content\/uploads\/2023\/12\/1702318031132-1536x1157.jpg 1536w, https:\/\/caridadloja.es\/wp-content\/uploads\/2023\/12\/1702318031132-2048x1542.jpg 2048w, https:\/\/caridadloja.es\/wp-content\/uploads\/2023\/12\/1702318031132-1568x1181.jpg 1568w\" sizes=\"auto, (max-width: 1024px) 100vw, 1024px\" \/><\/figure>\n<\/div>\n<\/div>\n\n\n\n<p class=\"has-text-align-center\">Ocho de Septiembre, Festividad de la Natividad de la Virgen Mar\u00eda. Solemne Eucarist\u00eda y al finalizar la Santa Misa, imposici\u00f3n de medallas a los nuevos hermanos de nuestra Hermandad y Devoto Traslado de regreso a su sede can\u00f3nica, la Ermita de la Caridad.<\/p>\n\n\n\n<p class=\"has-text-align-center\">Ocho de Diciembre, Festividad de la Inmaculada Concepci\u00f3n de Mar\u00eda. Devoto Besamanos a Nuestra Se\u00f1ora de la Caridad. Rode\u00e1ndola de toda solemnidad y devoci\u00f3n mariana a Nuestra Excelsa Patrona.<\/p>\n\n\n\n<div class=\"wp-block-columns is-layout-flex wp-container-core-columns-is-layout-9d6595d7 wp-block-columns-is-layout-flex\">\n<div class=\"wp-block-column is-layout-flow wp-block-column-is-layout-flow\">\n<figure class=\"wp-block-image size-large\"><img loading=\"lazy\" decoding=\"async\" width=\"768\" height=\"1024\" src=\"https:\/\/caridadloja.es\/wp-content\/uploads\/2023\/12\/IMG_6077-1-768x1024.jpg\" alt=\"\" class=\"wp-image-415\" srcset=\"https:\/\/caridadloja.es\/wp-content\/uploads\/2023\/12\/IMG_6077-1-768x1024.jpg 768w, https:\/\/caridadloja.es\/wp-content\/uploads\/2023\/12\/IMG_6077-1-225x300.jpg 225w, https:\/\/caridadloja.es\/wp-content\/uploads\/2023\/12\/IMG_6077-1-1152x1536.jpg 1152w, https:\/\/caridadloja.es\/wp-content\/uploads\/2023\/12\/IMG_6077-1-1536x2048.jpg 1536w, https:\/\/caridadloja.es\/wp-content\/uploads\/2023\/12\/IMG_6077-1-1568x2091.jpg 1568w, https:\/\/caridadloja.es\/wp-content\/uploads\/2023\/12\/IMG_6077-1-scaled.jpg 1920w\" sizes=\"auto, (max-width: 768px) 100vw, 768px\" \/><\/figure>\n<\/div>\n\n\n\n<div class=\"wp-block-column is-layout-flow wp-block-column-is-layout-flow\">\n<figure class=\"wp-block-image size-large\"><img loading=\"lazy\" decoding=\"async\" width=\"768\" height=\"1024\" src=\"https:\/\/caridadloja.es\/wp-content\/uploads\/2023\/12\/IMG_6086-1-768x1024.jpg\" alt=\"\" class=\"wp-image-414\" srcset=\"https:\/\/caridadloja.es\/wp-content\/uploads\/2023\/12\/IMG_6086-1-768x1024.jpg 768w, https:\/\/caridadloja.es\/wp-content\/uploads\/2023\/12\/IMG_6086-1-225x300.jpg 225w, https:\/\/caridadloja.es\/wp-content\/uploads\/2023\/12\/IMG_6086-1-1152x1536.jpg 1152w, https:\/\/caridadloja.es\/wp-content\/uploads\/2023\/12\/IMG_6086-1-1536x2048.jpg 1536w, https:\/\/caridadloja.es\/wp-content\/uploads\/2023\/12\/IMG_6086-1-1568x2091.jpg 1568w, https:\/\/caridadloja.es\/wp-content\/uploads\/2023\/12\/IMG_6086-1-scaled.jpg 1920w\" sizes=\"auto, (max-width: 768px) 100vw, 768px\" \/><\/figure>\n<\/div>\n<\/div>\n\n\n\n<p class=\"has-text-align-center\">Con motivo de la Festividad de la presentaci\u00f3n de Jes\u00fas y Purificaci\u00f3n de la Virgen Mar\u00eda (Candelaria), esta Hermandad Patronal celebra una Santa Misa en nuestra Sede Can\u00f3nica, d\u00f3nde se bendecir\u00e1n las candelas y posteriormente, presentaci\u00f3n de los ni\u00f1os ante La Virgen de la Caridad Patrona de los loje\u00f1os.<\/p>\n\n\n\n<div class=\"wp-block-columns is-layout-flex wp-container-core-columns-is-layout-9d6595d7 wp-block-columns-is-layout-flex\">\n<div class=\"wp-block-column is-layout-flow wp-block-column-is-layout-flow\" style=\"flex-basis:25%\"><\/div>\n\n\n\n<div class=\"wp-block-column is-layout-flow wp-block-column-is-layout-flow\" style=\"flex-basis:50%\">\n<figure class=\"wp-block-image size-large\"><img loading=\"lazy\" decoding=\"async\" width=\"576\" height=\"1024\" src=\"https:\/\/caridadloja.es\/wp-content\/uploads\/2024\/06\/FB_IMG_1718035946028-1-2-576x1024.jpg\" alt=\"\" class=\"wp-image-454\" srcset=\"https:\/\/caridadloja.es\/wp-content\/uploads\/2024\/06\/FB_IMG_1718035946028-1-2-576x1024.jpg 576w, https:\/\/caridadloja.es\/wp-content\/uploads\/2024\/06\/FB_IMG_1718035946028-1-2-169x300.jpg 169w, https:\/\/caridadloja.es\/wp-content\/uploads\/2024\/06\/FB_IMG_1718035946028-1-2-768x1365.jpg 768w, https:\/\/caridadloja.es\/wp-content\/uploads\/2024\/06\/FB_IMG_1718035946028-1-2.jpg 810w\" sizes=\"auto, (max-width: 576px) 100vw, 576px\" \/><\/figure>\n<\/div>\n\n\n\n<div class=\"wp-block-column is-layout-flow wp-block-column-is-layout-flow\" style=\"flex-basis:25%\"><\/div>\n<\/div>\n","protected":false},"excerpt":{"rendered":"<p>Todos los jueves del a\u00f1o en nuestra Sede Can\u00f3nica La Ermita de la Caridad, salvo coincidencia con otros cultos establecidos en la Iglesia Mayor de la Encarnaci\u00f3n, se celebra la Exposici\u00f3n del Sant\u00edsimo y posteriormente la Santa Misa. Primer viernes del mes de Junio, Santa Misa en honor a Nuestra Se\u00f1ora de la Caridad y&hellip; <a class=\"more-link\" href=\"https:\/\/caridadloja.es\/?page_id=20\">Seguir leyendo <span class=\"screen-reader-text\">CULTOS<\/span><\/a><\/p>\n","protected":false},"author":1,"featured_media":0,"parent":0,"menu_order":0,"comment_status":"closed","ping_status":"closed","template":"","meta":{"footnotes":""},"class_list":["post-20","page","type-page","status-publish","hentry","entry"],"_links":{"self":[{"href":"https:\/\/caridadloja.es\/index.php?rest_route=\/wp\/v2\/pages\/20","targetHints":{"allow":["GET"]}}],"collection":[{"href":"https:\/\/caridadloja.es\/index.php?rest_route=\/wp\/v2\/pages"}],"about":[{"href":"https:\/\/caridadloja.es\/index.php?rest_route=\/wp\/v2\/types\/page"}],"author":[{"embeddable":true,"href":"https:\/\/caridadloja.es\/index.php?rest_route=\/wp\/v2\/users\/1"}],"replies":[{"embeddable":true,"href":"https:\/\/caridadloja.es\/index.php?rest_route=%2Fwp%2Fv2%2Fcomments&post=20"}],"version-history":[{"count":16,"href":"https:\/\/caridadloja.es\/index.php?rest_route=\/wp\/v2\/pages\/20\/revisions"}],"predecessor-version":[{"id":455,"href":"https:\/\/caridadloja.es\/index.php?rest_route=\/wp\/v2\/pages\/20\/revisions\/455"}],"wp:attachment":[{"href":"https:\/\/caridadloja.es\/index.php?rest_route=%2Fwp%2Fv2%2Fmedia&parent=20"}],"curies":[{"name":"wp","href":"https:\/\/api.w.org\/{rel}","templated":true}]}}