{"id":29,"date":"2022-08-17T17:15:39","date_gmt":"2022-08-17T17:15:39","guid":{"rendered":"https:\/\/caridadloja.es\/?page_id=29"},"modified":"2024-06-10T16:24:21","modified_gmt":"2024-06-10T16:24:21","slug":"historia","status":"publish","type":"page","link":"https:\/\/caridadloja.es\/?page_id=29","title":{"rendered":"HISTORIA"},"content":{"rendered":"\n<p>Libro con forro de piel donde habla de la Hermandad y Cofrad\u00eda de la Caridad, patronatos, capellan\u00edas, etc, de 1617.<\/p>\n\n\n\n<figure class=\"wp-block-image size-large is-resized\"><img loading=\"lazy\" decoding=\"async\" width=\"1024\" height=\"990\" src=\"https:\/\/caridadloja.es\/wp-content\/uploads\/2023\/05\/IMG-20230428-WA0114-1024x990.jpg\" alt=\"\" class=\"wp-image-326\" style=\"width:516px;height:498px\" srcset=\"https:\/\/caridadloja.es\/wp-content\/uploads\/2023\/05\/IMG-20230428-WA0114-1024x990.jpg 1024w, https:\/\/caridadloja.es\/wp-content\/uploads\/2023\/05\/IMG-20230428-WA0114-300x290.jpg 300w, https:\/\/caridadloja.es\/wp-content\/uploads\/2023\/05\/IMG-20230428-WA0114-768x743.jpg 768w, https:\/\/caridadloja.es\/wp-content\/uploads\/2023\/05\/IMG-20230428-WA0114-1536x1485.jpg 1536w, https:\/\/caridadloja.es\/wp-content\/uploads\/2023\/05\/IMG-20230428-WA0114-1568x1516.jpg 1568w, https:\/\/caridadloja.es\/wp-content\/uploads\/2023\/05\/IMG-20230428-WA0114.jpg 1820w\" sizes=\"auto, (max-width: 1024px) 100vw, 1024px\" \/><\/figure>\n\n\n\n<p><strong>Cofrad\u00eda de la Santa Caridad y Nuestro Se\u00f1or Jesucristo 1769<\/strong><\/p>\n\n\n\n<p>La Cofrad\u00eda de la Santa Charidad de Nuestro Se\u00f1or Jesucristo tiene dotaci\u00f3n de tierras y otros bienes por merced de los Sres. Reyes Cat\u00f3licos en la conquista de esta ciudad, por lo cual no tiene demanda alguna por las calles ni campos; es la primera hermandad de la ciudad para todas las funciones en que concurre, declarado as\u00ed por el Sr. Arzobispo de Granada a\u00f1o de 1545; tiene sus constituciones aprobadas; los cabildos los preside el Vicario y las cuentas las dan los hermanos mayores a los que nuevamente son elegidos por suerte y que anualmente se echan; sus rentas se gastan en la conducci\u00f3n de pobres enfermos que transitan por esta ciudad, hospedar a los pobres, ornamentar la iglesia y dem\u00e1s necesario para su divino culto.<\/p>\n\n\n\n<div class=\"wp-block-columns is-layout-flex wp-container-core-columns-is-layout-9d6595d7 wp-block-columns-is-layout-flex\">\n<div class=\"wp-block-column is-layout-flow wp-block-column-is-layout-flow\">\n<figure class=\"wp-block-image size-large is-resized\"><img loading=\"lazy\" decoding=\"async\" width=\"1024\" height=\"586\" src=\"https:\/\/caridadloja.es\/wp-content\/uploads\/2023\/05\/IMG-20230428-WA0118-1024x586.jpg\" alt=\"\" class=\"wp-image-327\" style=\"width:320px;height:183px\" srcset=\"https:\/\/caridadloja.es\/wp-content\/uploads\/2023\/05\/IMG-20230428-WA0118-1024x586.jpg 1024w, https:\/\/caridadloja.es\/wp-content\/uploads\/2023\/05\/IMG-20230428-WA0118-300x172.jpg 300w, https:\/\/caridadloja.es\/wp-content\/uploads\/2023\/05\/IMG-20230428-WA0118-768x439.jpg 768w, https:\/\/caridadloja.es\/wp-content\/uploads\/2023\/05\/IMG-20230428-WA0118.jpg 1080w\" sizes=\"auto, (max-width: 1024px) 100vw, 1024px\" \/><\/figure>\n<\/div>\n\n\n\n<div class=\"wp-block-column is-layout-flow wp-block-column-is-layout-flow\">\n<figure class=\"wp-block-image size-large is-resized\"><img loading=\"lazy\" decoding=\"async\" width=\"1024\" height=\"752\" src=\"https:\/\/caridadloja.es\/wp-content\/uploads\/2023\/05\/IMG-20230428-WA0119-1024x752.jpg\" alt=\"\" class=\"wp-image-328\" style=\"width:365px;height:268px\" srcset=\"https:\/\/caridadloja.es\/wp-content\/uploads\/2023\/05\/IMG-20230428-WA0119-1024x752.jpg 1024w, https:\/\/caridadloja.es\/wp-content\/uploads\/2023\/05\/IMG-20230428-WA0119-300x220.jpg 300w, https:\/\/caridadloja.es\/wp-content\/uploads\/2023\/05\/IMG-20230428-WA0119-768x564.jpg 768w, https:\/\/caridadloja.es\/wp-content\/uploads\/2023\/05\/IMG-20230428-WA0119.jpg 1079w\" sizes=\"auto, (max-width: 1024px) 100vw, 1024px\" \/><\/figure>\n<\/div>\n<\/div>\n\n\n\n<p><strong>Documento de 1528 en el que se hace referencia a la creaci\u00f3n al hospital de la Caridad de Loja.<\/strong><\/p>\n\n\n\n<p>En el mismo se corrobora como fueron los Reyes Cat\u00f3licos los que mandaron construir este hospital.<\/p>\n\n\n\n<p>Habla de que dicho hospital ya ten\u00eda 15 a\u00f1os de existencia.<\/p>\n\n\n\n<p>Dice as\u00ed:<\/p>\n\n\n\n<p>\u00abSaber como en la ciudad de Loxa &#8216;avemos&#8217; hecho una casa para hospital de calidad en un solar que los Reyes Cat\u00f3licos, que Santa Gloria hayan, mandaron dar para hospital cuando se hizo el repartimiento de las heredades de la dicha ciudad, en la cual casa se hace y har\u00e1 a los pobre toda la Caridad\u00bb.<\/p>\n\n\n\n<p>Fuente: Archivo Hist\u00f3rico Dioces\u00e1no de Granada<\/p>\n\n\n\n<div class=\"wp-block-columns is-layout-flex wp-container-core-columns-is-layout-9d6595d7 wp-block-columns-is-layout-flex\">\n<div class=\"wp-block-column is-layout-flow wp-block-column-is-layout-flow\" style=\"flex-basis:66.66%\">\n<figure class=\"wp-block-image size-large\"><img loading=\"lazy\" decoding=\"async\" width=\"661\" height=\"1024\" src=\"https:\/\/caridadloja.es\/wp-content\/uploads\/2023\/05\/IMG-20230428-WA0116-1-661x1024.jpg\" alt=\"\" class=\"wp-image-330\" srcset=\"https:\/\/caridadloja.es\/wp-content\/uploads\/2023\/05\/IMG-20230428-WA0116-1-661x1024.jpg 661w, https:\/\/caridadloja.es\/wp-content\/uploads\/2023\/05\/IMG-20230428-WA0116-1-194x300.jpg 194w, https:\/\/caridadloja.es\/wp-content\/uploads\/2023\/05\/IMG-20230428-WA0116-1-768x1190.jpg 768w, https:\/\/caridadloja.es\/wp-content\/uploads\/2023\/05\/IMG-20230428-WA0116-1.jpg 964w\" sizes=\"auto, (max-width: 661px) 100vw, 661px\" \/><\/figure>\n<\/div>\n\n\n\n<div class=\"wp-block-column is-layout-flow wp-block-column-is-layout-flow\" style=\"flex-basis:33.33%\">\n<p><\/p>\n\n\n\n<p><\/p>\n\n\n\n<p><strong>Documento de 1515 que ya habla de la Cofrad\u00eda de la Santa Caridad.<\/strong><\/p>\n<\/div>\n<\/div>\n\n\n\n<p><strong>LIBRO DE REPARTIMIENTO DE LA CIUDAD DE LOJA, A\u00d1O 1486<\/strong><\/p>\n\n\n\n<p>Aunque no se conserva en nuestro archivo municipal dicho libro, porque, al parecer, un alcalde se lo regal\u00f3 a do\u00f1a Emilia Pardon Baz\u00e1n, s\u00ed que hay varias copias en la Biblioteca Nacional de Espa\u00f1a.<\/p>\n\n\n\n<p>En el mismo se recogen muchos aspectos interesantes que configuraron la LOJA cristiana.<\/p>\n\n\n\n<p>De entre la mucha e interesante informaci\u00f3n que contiene, he querido extractar solo los aspectos relacionados con los edificios eclesi\u00e1sticos y ben\u00e9ficos que sus majestades los Reyes Cat\u00f3licos mandaron construir.<\/p>\n\n\n\n<p>En este libro se hace referencia a varias iglesias y un Hospital, y viene recogido de la siguiente manera:<\/p>\n\n\n\n<p>\u00ab&#8230;e lo que queda de las casas e tierras se a de repartir para Iglesias y Ospital&#8230;\u00bb<\/p>\n\n\n\n<p>En otro p\u00e1rrafo dice:<\/p>\n\n\n\n<p>\u00ab&#8230;y que aia en la dicha ciudad tres Collaciones e Iglesias&#8230;\u00bb<\/p>\n\n\n\n<p>En otro dice:<\/p>\n\n\n\n<p>\u00abOtrosi mandamos que se den a la iglesia de Santa Mar\u00eda el molino de Tajara e fasta en cantidad de dos cavallerias de sequero e a la iglesia de Santiago el molino de la fuente de Terciano e tres cavallerias de tierras a la mitad de regad\u00edo ela otra meatad de secano\u00bb<\/p>\n\n\n\n<p>Como se puede deducir de esos textos se estaban configurando las tres parroquias: Parroquia de la iglesia Mayor (Santa Mar\u00eda en el texto), la de Santa Catalina (iglesia de Santiago en el texto) y la de San Gabriel que, aunque no la nombra expresamente, si habla en el texto de \u00ab&#8230;tres Collaciones e Iglesias&#8230;).<\/p>\n\n\n\n<p>En lo que se refiere al Hospital dice as\u00ed:<\/p>\n\n\n\n<p>\u00abOtrosi mandamos que en la dicha ciudad se haga un Hospital e se de para el una casa i heredades en contia de quatro Cavallerias de tierras de pan e dos alanzadas de g\u00fcerta e olivar e vi\u00f1as e tierras en que pongan hasta diez alanzadas\u00bb Cuando habla de Hospital se est\u00e1 refiriendo al Real Hospital de la Santa Caridad.<\/p>\n\n\n\n<p>En cuanto a conventos dice lo siguiente:<\/p>\n\n\n\n<p>\u00abOtrosi en nuestra merced para que los monasterios que nos mandamos fundar en la dicha ciudad uno de San Francisco i otro de Santo Domingo que de cada cinco aranzadas de g\u00fcerta en los lugares que a los dichos nuestros repartidores pareciese que son mejores e que entanto que se hacen los dichos monasterios sea la renta de las dichas heredades para los propios de la dicha ciudad\u00bb<\/p>\n\n\n\n<p>En este caso habla del Real Convento de San Francisco del Barrio y del convento de Santo Domingo, que se tendr\u00eda que haber construido en el Mes\u00f3n de Arroyo y que no lleg\u00f3 a materializarse.<\/p>\n\n\n\n<p>Por \u00faltimo, hace referencia a unas tierras y casas que se le dieron a las beatas de Arjona. Dice as\u00ed:<\/p>\n\n\n\n<p>\u00abOtrosi ordenamos que alas beatas de Arjona que les den las casas e la mezquita e la g\u00fcerta que en la dicha ciudad les mandamos dar en el molino de las mosacas que est\u00e1 debaxo de la dicha g\u00fcerta e tres caballer\u00edas de tierra\u00bb<\/p>\n\n\n\n<p>Estas \u00faltimas tampoco llegaron a construir ning\u00fan convento ni a asentarse en la ciudad.<\/p>\n\n\n\n<p>Fuente: Biblioteca Nacional de Espa\u00f1a. Libro de Repartimiento de la ciudad de Loja.<\/p>\n\n\n\n<p><strong>RESUMEN DEL INVENTARIO DE ENSERES DE LA ERMITA DE LA CARIDAD, A\u00d1O 1911<\/strong><\/p>\n\n\n\n<p>Altar mayor:<\/p>\n\n\n\n<p>Un retablo de madera con frontal de lo mismo, columnas y frontispicio triangular imitaci\u00f3n m\u00e1rmol con molduras doradas; puerta grande de cristales y detr\u00e1s un camar\u00edn con la imagen de TALLA DE NTRA. SRA. DE LA CARIDAD sobre trono tallado y dorado y r\u00e1faga de lo mismo; manto de tela de seda en dicha Imagen, con media luna y corona de plata, y un coraz\u00f3n de lo mismo sobredorado. UN NI\u00d1O JES\u00daS CON CORONA DE PLATA y ropa igual que el manto de la Virgen; un Crucifijo de talla; dos candeleros de bronce de tres luces; cuatro floreros de china blancos; dos campanillas con mango de madera; sacras con cristales y marco dorado; un atril de madera tallado; una cortes\u00eda morada.<\/p>\n\n\n\n<p>Altar del Santo Cristo:<\/p>\n\n\n\n<p>Retablo de talla moderno con columnas y frontispicio triangular y puerta de cristales; una cruz de madera con repisa de lo mismo y, en ella, pintada al \u00f3leo, la imagen del Sto. Cristo de la Expiraci\u00f3n, teniendo dicha cruz como una vara de altura.<\/p>\n\n\n\n<p>Altar del Sagrado Coraz\u00f3n de Jes\u00fas:<\/p>\n\n\n\n<p>Retablo como el anterior y en \u00e9l un lienzo pintado al \u00f3leo con la imagen de Sgdo. Coraz\u00f3n de Jes\u00fas y marco dorado.<\/p>\n\n\n\n<p>Altar de Jes\u00fas de la Humildad:<\/p>\n\n\n\n<p>Retablo de madera como el anterior; imagen de Jes\u00fas de la Humildad pintada al \u00f3leo sobre lienzo, marco dorado.<\/p>\n\n\n\n<p>Altar de Ntra. Sra. de la Caridad:<\/p>\n\n\n\n<p>Dentro de una urna acristalada se haya la IMAGEN PEQUE\u00d1ITA DE NTRA. SRA. DE LA CARIDAD donada por los Sres. Reyes Cat\u00f3licos    D. Fernando V de Arag\u00f3n y D\u00aa. Isabel I de Castilla despu\u00e9s de la Conquista de la Ciudad. <\/p>\n\n\n\n<p>Dicha imagen es de talla con manto de seda, trono tallado y dorado; el Ni\u00f1o Jes\u00fas en sus brazos y ambas im\u00e1genes con corona de plata.<\/p>\n\n\n\n<p>Altar de Jes\u00fas de la Columna:<\/p>\n\n\n\n<p>Urna de madera como la anterior; en ella una escultura de talla de JES\u00daS DE LA COLUMNA procedente de la orden tercera de                S. Francisco; Cruz de madera con Cristo de metal; dos buj\u00edas de metal, sacras de papel con cristal y marco de madera.<\/p>\n\n\n\n<p>Altar de San Jos\u00e9:<\/p>\n\n\n\n<p>Un retablo de madera igual del de Jes\u00fas de la Humildad; la imagen del Santo de talla con el Ni\u00f1o Jes\u00fas de lo mismo;&#8230;<\/p>\n\n\n\n<p>Apartado de \u00abropa\u00bb:<\/p>\n\n\n\n<p>\u00abOcho mantos de distintos colores y clases, con vestidos compa\u00f1eros para el Ni\u00f1o; tres mantos id para la imagen peque\u00f1a, con dos vestidos para el Ni\u00f1o de la misma\u00bb.<\/p>\n\n\n<div class=\"wp-block-image\">\n<figure class=\"aligncenter size-large is-resized\"><img loading=\"lazy\" decoding=\"async\" width=\"1024\" height=\"1011\" src=\"https:\/\/caridadloja.es\/wp-content\/uploads\/2023\/05\/IMG-20230428-WA0120-1-1024x1011.jpg\" alt=\"\" class=\"wp-image-337\" style=\"width:571px;height:564px\" srcset=\"https:\/\/caridadloja.es\/wp-content\/uploads\/2023\/05\/IMG-20230428-WA0120-1-1024x1011.jpg 1024w, https:\/\/caridadloja.es\/wp-content\/uploads\/2023\/05\/IMG-20230428-WA0120-1-300x296.jpg 300w, https:\/\/caridadloja.es\/wp-content\/uploads\/2023\/05\/IMG-20230428-WA0120-1-768x758.jpg 768w, https:\/\/caridadloja.es\/wp-content\/uploads\/2023\/05\/IMG-20230428-WA0120-1.jpg 1080w\" sizes=\"auto, (max-width: 1024px) 100vw, 1024px\" \/><\/figure>\n<\/div>\n\n\n<p class=\"has-text-align-center\">Donada por los Reyes Cat\u00f3licos de escuela granadina o antequerana.<\/p>\n\n\n<div class=\"wp-block-image\">\n<figure class=\"aligncenter size-large is-resized\"><img loading=\"lazy\" decoding=\"async\" width=\"658\" height=\"1024\" src=\"https:\/\/caridadloja.es\/wp-content\/uploads\/2023\/05\/IMG-20230428-WA0121-658x1024.jpg\" alt=\"\" class=\"wp-image-338\" style=\"width:480px;height:747px\" srcset=\"https:\/\/caridadloja.es\/wp-content\/uploads\/2023\/05\/IMG-20230428-WA0121-658x1024.jpg 658w, https:\/\/caridadloja.es\/wp-content\/uploads\/2023\/05\/IMG-20230428-WA0121-193x300.jpg 193w, https:\/\/caridadloja.es\/wp-content\/uploads\/2023\/05\/IMG-20230428-WA0121-768x1196.jpg 768w, https:\/\/caridadloja.es\/wp-content\/uploads\/2023\/05\/IMG-20230428-WA0121-986x1536.jpg 986w, https:\/\/caridadloja.es\/wp-content\/uploads\/2023\/05\/IMG-20230428-WA0121.jpg 1080w\" sizes=\"auto, (max-width: 658px) 100vw, 658px\" \/><\/figure>\n<\/div>\n\n\n<p class=\"has-text-align-center\">Imagen de Nuestra Se\u00f1ora de la Caridad antes los sucesos de 1936.<\/p>\n","protected":false},"excerpt":{"rendered":"<p>Libro con forro de piel donde habla de la Hermandad y Cofrad\u00eda de la Caridad, patronatos, capellan\u00edas, etc, de 1617. Cofrad\u00eda de la Santa Caridad y Nuestro Se\u00f1or Jesucristo 1769 La Cofrad\u00eda de la Santa Charidad de Nuestro Se\u00f1or Jesucristo tiene dotaci\u00f3n de tierras y otros bienes por merced de los Sres. Reyes Cat\u00f3licos en&hellip; <a class=\"more-link\" href=\"https:\/\/caridadloja.es\/?page_id=29\">Seguir leyendo <span class=\"screen-reader-text\">HISTORIA<\/span><\/a><\/p>\n","protected":false},"author":1,"featured_media":0,"parent":27,"menu_order":0,"comment_status":"closed","ping_status":"closed","template":"","meta":{"footnotes":""},"class_list":["post-29","page","type-page","status-publish","hentry","entry"],"_links":{"self":[{"href":"https:\/\/caridadloja.es\/index.php?rest_route=\/wp\/v2\/pages\/29","targetHints":{"allow":["GET"]}}],"collection":[{"href":"https:\/\/caridadloja.es\/index.php?rest_route=\/wp\/v2\/pages"}],"about":[{"href":"https:\/\/caridadloja.es\/index.php?rest_route=\/wp\/v2\/types\/page"}],"author":[{"embeddable":true,"href":"https:\/\/caridadloja.es\/index.php?rest_route=\/wp\/v2\/users\/1"}],"replies":[{"embeddable":true,"href":"https:\/\/caridadloja.es\/index.php?rest_route=%2Fwp%2Fv2%2Fcomments&post=29"}],"version-history":[{"count":15,"href":"https:\/\/caridadloja.es\/index.php?rest_route=\/wp\/v2\/pages\/29\/revisions"}],"predecessor-version":[{"id":457,"href":"https:\/\/caridadloja.es\/index.php?rest_route=\/wp\/v2\/pages\/29\/revisions\/457"}],"up":[{"embeddable":true,"href":"https:\/\/caridadloja.es\/index.php?rest_route=\/wp\/v2\/pages\/27"}],"wp:attachment":[{"href":"https:\/\/caridadloja.es\/index.php?rest_route=%2Fwp%2Fv2%2Fmedia&parent=29"}],"curies":[{"name":"wp","href":"https:\/\/api.w.org\/{rel}","templated":true}]}}