{"id":30,"date":"2022-08-17T17:15:39","date_gmt":"2022-08-17T17:15:39","guid":{"rendered":"https:\/\/caridadloja.es\/?page_id=30"},"modified":"2023-12-11T18:22:54","modified_gmt":"2023-12-11T18:22:54","slug":"sede-canonica","status":"publish","type":"page","link":"https:\/\/caridadloja.es\/?page_id=30","title":{"rendered":"SEDE CAN\u00d3NICA"},"content":{"rendered":"\n<div class=\"wp-block-columns is-layout-flex wp-container-core-columns-is-layout-9d6595d7 wp-block-columns-is-layout-flex\">\n<div class=\"wp-block-column is-layout-flow wp-block-column-is-layout-flow\">\n<p class=\"has-text-align-center\">La Ermita de la Caridad es lo que queda del antiguo hospital de peregrinos o Caridad de Cristo. Hasta el momento se conocen pocos datos sobre su origen, y se cree que su construcci\u00f3n tuvo lugar sobre lo que fue una mezquita musulmana que, seg\u00fan Repartimientos, fue entregada a las Beatas de Arjona o monjas Santa Clara la Vieja, en la calle de las Carnicer\u00edas, hoy conocida como de la Caridad.<\/p>\n\n\n\n<figure class=\"wp-block-image size-large is-resized\"><img loading=\"lazy\" decoding=\"async\" width=\"795\" height=\"1024\" src=\"https:\/\/caridadloja.es\/wp-content\/uploads\/2023\/02\/IMG-1660-795x1024.jpg\" alt=\"\" class=\"wp-image-193\" style=\"width:361px;height:464px\" srcset=\"https:\/\/caridadloja.es\/wp-content\/uploads\/2023\/02\/IMG-1660-795x1024.jpg 795w, https:\/\/caridadloja.es\/wp-content\/uploads\/2023\/02\/IMG-1660-233x300.jpg 233w, https:\/\/caridadloja.es\/wp-content\/uploads\/2023\/02\/IMG-1660-768x989.jpg 768w, https:\/\/caridadloja.es\/wp-content\/uploads\/2023\/02\/IMG-1660-1193x1536.jpg 1193w, https:\/\/caridadloja.es\/wp-content\/uploads\/2023\/02\/IMG-1660-1590x2048.jpg 1590w, https:\/\/caridadloja.es\/wp-content\/uploads\/2023\/02\/IMG-1660-1568x2019.jpg 1568w, https:\/\/caridadloja.es\/wp-content\/uploads\/2023\/02\/IMG-1660-scaled.jpg 1988w\" sizes=\"auto, (max-width: 795px) 100vw, 795px\" \/><\/figure>\n\n\n\n<p class=\"has-text-align-center\">El edificio actual, tal como lo conocemos, ya exist\u00eda a principios del siglo XVIII. Tiene una fachada sencilla dividida en tres partes. En el medio tiene un arco de medio punto hecho de piedra, y sobre el arco se ubica la espada\u00f1a para formar el campanario. A un lado y al otro podemos admirar dos falsos paneles de sillar con ventanas ovaladas.<\/p>\n<\/div>\n<\/div>\n\n\n\n<div class=\"wp-block-columns is-layout-flex wp-container-core-columns-is-layout-9d6595d7 wp-block-columns-is-layout-flex\">\n<div class=\"wp-block-column is-layout-flow wp-block-column-is-layout-flow\">\n<p>Su interior se organiza desde una planta basilical, con tres naves abovedadas separadas por columnas d\u00f3ricas y la nave central con una peque\u00f1a c\u00fapula sobre el altar. En la cabecera se encuentra la camar\u00edn de Nuestra Se\u00f1ora, que se abre con un retablo neocl\u00e1sico de m\u00e1rmol, a su izquierda se encuentra la sacrist\u00eda del presbiterio.<\/p>\n<\/div>\n\n\n\n<div class=\"wp-block-column is-layout-flow wp-block-column-is-layout-flow\">\n<figure class=\"wp-block-image size-large is-resized\"><img loading=\"lazy\" decoding=\"async\" width=\"836\" height=\"1024\" src=\"https:\/\/caridadloja.es\/wp-content\/uploads\/2023\/02\/IMG_20230109_210125-836x1024.jpg\" alt=\"\" class=\"wp-image-196\" style=\"width:408px;height:499px\" srcset=\"https:\/\/caridadloja.es\/wp-content\/uploads\/2023\/02\/IMG_20230109_210125-836x1024.jpg 836w, https:\/\/caridadloja.es\/wp-content\/uploads\/2023\/02\/IMG_20230109_210125-245x300.jpg 245w, https:\/\/caridadloja.es\/wp-content\/uploads\/2023\/02\/IMG_20230109_210125-768x941.jpg 768w, https:\/\/caridadloja.es\/wp-content\/uploads\/2023\/02\/IMG_20230109_210125-1254x1536.jpg 1254w, https:\/\/caridadloja.es\/wp-content\/uploads\/2023\/02\/IMG_20230109_210125-1671x2048.jpg 1671w, https:\/\/caridadloja.es\/wp-content\/uploads\/2023\/02\/IMG_20230109_210125-1568x1921.jpg 1568w\" sizes=\"auto, (max-width: 836px) 100vw, 836px\" \/><\/figure>\n<\/div>\n<\/div>\n","protected":false},"excerpt":{"rendered":"<p>La Ermita de la Caridad es lo que queda del antiguo hospital de peregrinos o Caridad de Cristo. Hasta el momento se conocen pocos datos sobre su origen, y se cree que su construcci\u00f3n tuvo lugar sobre lo que fue una mezquita musulmana que, seg\u00fan Repartimientos, fue entregada a las Beatas de Arjona o monjas&hellip; <a class=\"more-link\" href=\"https:\/\/caridadloja.es\/?page_id=30\">Seguir leyendo <span class=\"screen-reader-text\">SEDE CAN\u00d3NICA<\/span><\/a><\/p>\n","protected":false},"author":1,"featured_media":0,"parent":27,"menu_order":0,"comment_status":"closed","ping_status":"closed","template":"","meta":{"footnotes":""},"class_list":["post-30","page","type-page","status-publish","hentry","entry"],"_links":{"self":[{"href":"https:\/\/caridadloja.es\/index.php?rest_route=\/wp\/v2\/pages\/30","targetHints":{"allow":["GET"]}}],"collection":[{"href":"https:\/\/caridadloja.es\/index.php?rest_route=\/wp\/v2\/pages"}],"about":[{"href":"https:\/\/caridadloja.es\/index.php?rest_route=\/wp\/v2\/types\/page"}],"author":[{"embeddable":true,"href":"https:\/\/caridadloja.es\/index.php?rest_route=\/wp\/v2\/users\/1"}],"replies":[{"embeddable":true,"href":"https:\/\/caridadloja.es\/index.php?rest_route=%2Fwp%2Fv2%2Fcomments&post=30"}],"version-history":[{"count":8,"href":"https:\/\/caridadloja.es\/index.php?rest_route=\/wp\/v2\/pages\/30\/revisions"}],"predecessor-version":[{"id":431,"href":"https:\/\/caridadloja.es\/index.php?rest_route=\/wp\/v2\/pages\/30\/revisions\/431"}],"up":[{"embeddable":true,"href":"https:\/\/caridadloja.es\/index.php?rest_route=\/wp\/v2\/pages\/27"}],"wp:attachment":[{"href":"https:\/\/caridadloja.es\/index.php?rest_route=%2Fwp%2Fv2%2Fmedia&parent=30"}],"curies":[{"name":"wp","href":"https:\/\/api.w.org\/{rel}","templated":true}]}}