{"id":31,"date":"2022-08-17T17:00:28","date_gmt":"2022-08-17T17:00:28","guid":{"rendered":"https:\/\/caridadloja.es\/?page_id=31"},"modified":"2023-12-11T18:25:12","modified_gmt":"2023-12-11T18:25:12","slug":"consiliario","status":"publish","type":"page","link":"https:\/\/caridadloja.es\/?page_id=31","title":{"rendered":"CONSILIARIO"},"content":{"rendered":"\n<p class=\"has-text-align-center\">PARROQUIA SANTA MAR\u00cdA DE LA ENCARNACI\u00d3N DE LOJA<\/p>\n\n\n\n<div class=\"wp-block-group\"><div class=\"wp-block-group__inner-container is-layout-constrained wp-block-group-is-layout-constrained\">\n<div class=\"wp-block-group\"><div class=\"wp-block-group__inner-container is-layout-constrained wp-block-group-is-layout-constrained\">\n<p class=\"has-text-align-center\"><br>Os saludo afectuosamente a todos los que visit\u00e1is la Hermandad a trav\u00e9s de su p\u00e1gina web.<\/p>\n\n\n\n<p class=\"has-text-align-center\">Esta Hermandad tiene su sede en la Ermita de Nuestra Se\u00f1ora de la<br>Caridad, dependiente de esta Parroquia de Santa Mar\u00eda de la Encarnaci\u00f3n (Iglesia Mayor) de Loja.<\/p>\n<\/div><\/div>\n\n\n\n<p class=\"has-text-align-center\">Siglos de historia de la Fe de un pueblo que ha ido madurando en torno a nuestra hermosa patrona en pleno casco hist\u00f3rico de nuestra localidad, donde una humilde construcci\u00f3n, hace de joyero de nuestra querid\u00edsima patrona, la joya m\u00e1s valiosa y hermosa de nuestro.<\/p>\n\n\n\n<p class=\"has-text-align-center\">La Parroquia, como comunidad de comunidades, integra esta hermandad patronal, adem\u00e1s de otras siete hermandades y dem\u00e1s grupos parroquiales.<\/p>\n\n\n\n<p class=\"has-text-align-center\">\u00bfQu\u00e9 es una Cofrad\u00eda o Hermandad? El papa Francisco, en la exhortaci\u00f3n program\u00e1tica de su pontificado, titulada \u201cLa Alegr\u00eda del Evangelio\u201d (Evangelii Gaudium), valor\u00f3 muy positivamente la piedad popular, configurada a lo largo de los siglos de m\u00faltiples maneras, como un cauce para la evangelizaci\u00f3n. La piedad y la devoci\u00f3n de los fieles cat\u00f3licos han ido configur\u00e1ndose hist\u00f3ricamente en torno a im\u00e1genes sagradas que, en muchos casos, hicieron nacer las Hermandades y Cofrad\u00edas. Indica el Pont\u00edfice que en \u00ablos pa\u00edses de tradici\u00f3n cat\u00f3lica se tratar\u00e1 de acompa\u00f1ar, cuidar y fortalecer la riqueza que ya existe, (\u2026)\u00bb, procurando siempre la purificaci\u00f3n y el crecimiento de lo que existe (n. 69): \u00abHay cierto cristianismo de devociones, propio de una vivencia individual y sentimental de la fe, que en realidad no responde a una aut\u00e9ntica \u201cpiedad popular\u201d. Algunos promueven estas expresiones sin preocuparse por la<br>promoci\u00f3n social y la formaci\u00f3n de los fieles, y en ciertos casos lo hacen para obtener beneficios econ\u00f3micos o alg\u00fan poder sobre los dem\u00e1s\u00bb (n. 70). Y recoge una cita del papa San Pablo VI, quien afirm\u00f3 que la piedad popular \u00abrefleja una sed de Dios que solamente los pobres y sencillos pueden conocer\u00bb y que \u00abhace capaz de generosidad y sacrificio hasta el hero\u00edsmo, cuando se trata de manifestar la fe\u00bb (Ex. Ap. Evangelii nuntiandi).<\/p>\n\n\n\n<p class=\"has-text-align-center\">Esto mismo lo podemos afirmar de nuestra hermandad patronal. En ella se contiene un elemento esencial de la Fe de nuestro pueblo andaluz y loje\u00f1o que ha ido madurando a lo largo de siglos de historia. Por ello, afirma el papa que \u00abpara entender esta realidad hace falta acercarse a ella con la mirada del Buen Pastor, que no busca juzgar sino amar\u00bb (n. 125). Esa mirada respetuosa nos ayudar\u00e1 a comprender un fen\u00f3meno complejo por su historia y por la diversidad de elementos que lo componen. Y no solo es<br>necesario ese respeto porque nos asiste la libertad religiosa sino porque nuestras hermandades y cofrad\u00edas constituyen la realidad asociativa m\u00e1s relevante en nuestro pueblo y en nuestra historia y cultura moderna y contempor\u00e1nea.<\/p>\n\n\n\n<p class=\"has-text-align-center\">Hermandades y evangelizaci\u00f3n. El papa Francisco valora tambi\u00e9n<br>positivamente el potencial de las Hermandades para la evangelizaci\u00f3n, en primer lugar de sus miembros, y tambi\u00e9n para otros a trav\u00e9s de sus actuaciones: \u00abEn la piedad popular, por ser fruto del Evangelio inculturado, subyace una fuerza activamente evangelizadora que no podemos menospreciar: ser\u00eda desconocer la obra del Esp\u00edritu Santo. M\u00e1s bien estamos llamados a alentarla y fortalecerla para profundizar el proceso de inculturaci\u00f3n que es una realidad nunca acabada. Las expresiones de la piedad popular tienen mucho que ense\u00f1arnos y, para quien sabe leerlas, son un lugar teol\u00f3gico al que debemos prestar atenci\u00f3n, particularmente a la<br>hora de pensar la nueva evangelizaci\u00f3n\u00bb (n. 126). Estas indicaciones del Papa Francisco son una prioridad en nuestra Parroquia.<\/p>\n\n\n\n<p class=\"has-text-align-center\">En este momento tan importante de la historia de la humanidad y de la Iglesia, nuestra Hermandad est\u00e1 llamada a mostrar a cada uno de sus miembros y al mundo el amor de Dios manifestado en Cristo Jes\u00fas y la Virgen Sant\u00edsima. Para ello contamos con la belleza de la imagen de la Virgen de la Caridad. Puesto que toda la Iglesia tiene como raz\u00f3n de ser la evangelizaci\u00f3n, tambi\u00e9n nuestra Hermandad evangeliza a trav\u00e9s del testimonio fraterno y de su hermosa imagen.<\/p>\n\n\n\n<p class=\"has-text-align-center\">Comuni\u00f3n y misi\u00f3n. Una Hermandad es una asociaci\u00f3n p\u00fablica de fieles cat\u00f3licos que se rige por sus propios estatutos que nos marcan nuestra identidad, su estructura de gobierno, funcionamiento y fines esenciales. No es una realidad eclesial nacida para retroalimentarse ni para vivir centrada en s\u00ed misma, sino para ser un instrumento eficaz de evangelizaci\u00f3n. Por ello est\u00e1 llamada a renovarse continuamente en sus miembros y en sus estructuras para ser cada vez m\u00e1s conformes al Evangelio. El Santo Evangelio es nuestra norma de vida y nuestros Estatutos concretan lo que la Madre Iglesia espera de nosotros. Inserta en esta Parroquia, la Hermandad participa del objetivo com\u00fan de ser una comunidad de fe, fraterna y unida,<br>evangelizada y evangelizadora, abierta y siempre dispuesta a ayudar a los m\u00e1s necesitados. Una gran familia, unida por la fe y la devoci\u00f3n.<\/p>\n\n\n\n<p class=\"has-text-align-center\">Desde aqu\u00ed enviamos un saludo cordial a todos los que nos visiten, en nombre de esta gran familia que componemos esta Hermandad: tantos ni\u00f1os a los que sus padres est\u00e1n transmitiendo la devoci\u00f3n a la patrona y a los que tratamos de educar en la fe cristiana de manera integral; tan buenos j\u00f3venes que van creciendo y madurando en ella; los adultos a los que ayudamos a profundizar en el Evangelio como norma de vida que da sentido a todas nuestras actividades y a la misma Hermandad; y muchas familias enteras (abuelos, padres y nietos) que viven su fe con nosotros.<\/p>\n\n\n\n<p class=\"has-text-align-center\">Nuestro patrimonio m\u00e1s grande son todos sus miembros que se re\u00fanen con frecuencia en m\u00faltiples actividades de convivencia, cultos y procesiones.<\/p>\n\n\n\n<p class=\"has-text-align-center\">Y vamos caminando respondiendo a nuestra vocaci\u00f3n de formar, d\u00eda a d\u00eda, una hermandad cristiana, una escuela de disc\u00edpulos de Cristo.<\/p>\n\n\n\n<p class=\"has-text-align-center\">Teniendo como ejemplo la Virgen de la Caridad bajo su mirada atenta y protecci\u00f3n materna nos llama a descubrir a su hijo resucitado y a seguirle unidos en la Iglesia.<\/p>\n\n\n\n<p class=\"has-text-align-center\">D. Juan Carlos Hidalgo Z\u00fa\u00f1iga, P\u00e1rroco y Consiliario de la Hermandad Patronal.<\/p>\n<\/div><\/div>\n","protected":false},"excerpt":{"rendered":"<p>PARROQUIA SANTA MAR\u00cdA DE LA ENCARNACI\u00d3N DE LOJA Os saludo afectuosamente a todos los que visit\u00e1is la Hermandad a trav\u00e9s de su p\u00e1gina web. Esta Hermandad tiene su sede en la Ermita de Nuestra Se\u00f1ora de laCaridad, dependiente de esta Parroquia de Santa Mar\u00eda de la Encarnaci\u00f3n (Iglesia Mayor) de Loja. Siglos de historia de&hellip; <a class=\"more-link\" href=\"https:\/\/caridadloja.es\/?page_id=31\">Seguir leyendo <span class=\"screen-reader-text\">CONSILIARIO<\/span><\/a><\/p>\n","protected":false},"author":1,"featured_media":0,"parent":27,"menu_order":0,"comment_status":"closed","ping_status":"closed","template":"","meta":{"footnotes":""},"class_list":["post-31","page","type-page","status-publish","hentry","entry"],"_links":{"self":[{"href":"https:\/\/caridadloja.es\/index.php?rest_route=\/wp\/v2\/pages\/31","targetHints":{"allow":["GET"]}}],"collection":[{"href":"https:\/\/caridadloja.es\/index.php?rest_route=\/wp\/v2\/pages"}],"about":[{"href":"https:\/\/caridadloja.es\/index.php?rest_route=\/wp\/v2\/types\/page"}],"author":[{"embeddable":true,"href":"https:\/\/caridadloja.es\/index.php?rest_route=\/wp\/v2\/users\/1"}],"replies":[{"embeddable":true,"href":"https:\/\/caridadloja.es\/index.php?rest_route=%2Fwp%2Fv2%2Fcomments&post=31"}],"version-history":[{"count":5,"href":"https:\/\/caridadloja.es\/index.php?rest_route=\/wp\/v2\/pages\/31\/revisions"}],"predecessor-version":[{"id":433,"href":"https:\/\/caridadloja.es\/index.php?rest_route=\/wp\/v2\/pages\/31\/revisions\/433"}],"up":[{"embeddable":true,"href":"https:\/\/caridadloja.es\/index.php?rest_route=\/wp\/v2\/pages\/27"}],"wp:attachment":[{"href":"https:\/\/caridadloja.es\/index.php?rest_route=%2Fwp%2Fv2%2Fmedia&parent=31"}],"curies":[{"name":"wp","href":"https:\/\/api.w.org\/{rel}","templated":true}]}}