{"id":33,"date":"2022-08-12T19:31:05","date_gmt":"2022-08-12T19:31:05","guid":{"rendered":"https:\/\/caridadloja.es\/?page_id=33"},"modified":"2023-12-11T18:15:21","modified_gmt":"2023-12-11T18:15:21","slug":"concordias","status":"publish","type":"page","link":"https:\/\/caridadloja.es\/?page_id=33","title":{"rendered":"CONCORDIAS"},"content":{"rendered":"\n<p class=\"has-text-align-center\"><strong>CUADRILLA DE HORQUILLEROS DE NUESTRA SE\u00d1ORA DE LA CARIDAD<\/strong><\/p>\n\n\n\n<p class=\"has-text-align-center\">Caridad, Patrona de los Loje\u00f1os. Para cualquier loje\u00f1o cofrade es un orgullo y un honor ser horquillero de la Virgen de la Caridad, de nuestra Patrona, imagen a la que su cuadrilla de horquilleros le profesa una gran devoci\u00f3n. Devoci\u00f3n que se transmite cuando sus andas recorren las calles de nuestro pueblo, ya se ha en su procesi\u00f3n, traslados o en una radiante ma\u00f1ana de corpus.<\/p>\n\n\n\n<p class=\"has-text-align-center\">Al son de las marchas, la Virgen camina sobre sus valientes horquilleros repartiendo caridad, fe y esperanza. Haciendo que todos los loje\u00f1os se enamoren de ella y aumentando su devoci\u00f3n. Ser horquillero de la Virgen de la Caridad es un honor y un privilegio que solo unos pocos pueden tener, los sentimientos y vivencias que se producen bajo su trono no pueden describirse, pues la virgen tiene algo especial que hace que todo fluya cuando se est\u00e1 bajo ella.<\/p>\n\n\n\n<p class=\"has-text-align-center\">Compa\u00f1erismo, devoci\u00f3n y caridad son los valores de su cuadrilla de horquilleros, puesto que se es horquillero de la Caridad los 365 d\u00edas del a\u00f1o. Nuestra Virgen tiene algo que atrae, enamora y hace que sus horquilleros disfruten con ella y que hagan disfrutar a todo aquel que se acerca a sus plantas.<\/p>\n\n\n\n<p class=\"has-text-align-center\">MARCHAS, NARDOS, HORQUILLAS, P\u00c9TALOS, DEVOCI\u00d3N&#8230; CARIDAD.<\/p>\n\n\n\n<p>David Siles P\u00e9rez. <\/p>\n\n\n\n<p class=\"has-text-align-center\">Segundo Postor de la Virgen de la Caridad y Vocal de Juventud, Manifestaciones P\u00fablicas y Protocolo.<\/p>\n\n\n\n<div class=\"wp-block-columns is-layout-flex wp-container-core-columns-is-layout-9d6595d7 wp-block-columns-is-layout-flex\">\n<div class=\"wp-block-column is-layout-flow wp-block-column-is-layout-flow\">\n<figure class=\"wp-block-image size-large\"><img loading=\"lazy\" decoding=\"async\" width=\"1024\" height=\"683\" src=\"https:\/\/caridadloja.es\/wp-content\/uploads\/2023\/12\/1702318378504-1024x683.jpg\" alt=\"\" class=\"wp-image-426\" srcset=\"https:\/\/caridadloja.es\/wp-content\/uploads\/2023\/12\/1702318378504-1024x683.jpg 1024w, https:\/\/caridadloja.es\/wp-content\/uploads\/2023\/12\/1702318378504-300x200.jpg 300w, https:\/\/caridadloja.es\/wp-content\/uploads\/2023\/12\/1702318378504-768x512.jpg 768w, https:\/\/caridadloja.es\/wp-content\/uploads\/2023\/12\/1702318378504.jpg 1080w\" sizes=\"auto, (max-width: 1024px) 100vw, 1024px\" \/><\/figure>\n<\/div>\n<\/div>\n\n\n\n<p class=\"has-text-align-center\"><strong>NI\u00d1OS INFANTES<\/strong><\/p>\n\n\n\n<p class=\"has-text-align-center\">Ni\u00f1os y ni\u00f1as que reciben la primera comuni\u00f3n en las tres parroquias loje\u00f1as saldr\u00e1n vestidos de blanco acompa\u00f1ando a Nuestra Se\u00f1ora de la Caridad, participando as\u00ed, en la procesi\u00f3n del Corpus Christi y el 31 de agosto con nuestra titular.<\/p>\n","protected":false},"excerpt":{"rendered":"<p>CUADRILLA DE HORQUILLEROS DE NUESTRA SE\u00d1ORA DE LA CARIDAD Caridad, Patrona de los Loje\u00f1os. Para cualquier loje\u00f1o cofrade es un orgullo y un honor ser horquillero de la Virgen de la Caridad, de nuestra Patrona, imagen a la que su cuadrilla de horquilleros le profesa una gran devoci\u00f3n. Devoci\u00f3n que se transmite cuando sus andas&hellip; <a class=\"more-link\" href=\"https:\/\/caridadloja.es\/?page_id=33\">Seguir leyendo <span class=\"screen-reader-text\">CONCORDIAS<\/span><\/a><\/p>\n","protected":false},"author":1,"featured_media":0,"parent":27,"menu_order":0,"comment_status":"closed","ping_status":"closed","template":"","meta":{"footnotes":""},"class_list":["post-33","page","type-page","status-publish","hentry","entry"],"_links":{"self":[{"href":"https:\/\/caridadloja.es\/index.php?rest_route=\/wp\/v2\/pages\/33","targetHints":{"allow":["GET"]}}],"collection":[{"href":"https:\/\/caridadloja.es\/index.php?rest_route=\/wp\/v2\/pages"}],"about":[{"href":"https:\/\/caridadloja.es\/index.php?rest_route=\/wp\/v2\/types\/page"}],"author":[{"embeddable":true,"href":"https:\/\/caridadloja.es\/index.php?rest_route=\/wp\/v2\/users\/1"}],"replies":[{"embeddable":true,"href":"https:\/\/caridadloja.es\/index.php?rest_route=%2Fwp%2Fv2%2Fcomments&post=33"}],"version-history":[{"count":7,"href":"https:\/\/caridadloja.es\/index.php?rest_route=\/wp\/v2\/pages\/33\/revisions"}],"predecessor-version":[{"id":428,"href":"https:\/\/caridadloja.es\/index.php?rest_route=\/wp\/v2\/pages\/33\/revisions\/428"}],"up":[{"embeddable":true,"href":"https:\/\/caridadloja.es\/index.php?rest_route=\/wp\/v2\/pages\/27"}],"wp:attachment":[{"href":"https:\/\/caridadloja.es\/index.php?rest_route=%2Fwp%2Fv2%2Fmedia&parent=33"}],"curies":[{"name":"wp","href":"https:\/\/api.w.org\/{rel}","templated":true}]}}