{"id":34,"date":"2022-08-17T17:15:39","date_gmt":"2022-08-17T17:15:39","guid":{"rendered":"https:\/\/caridadloja.es\/?page_id=34"},"modified":"2024-07-21T18:11:32","modified_gmt":"2024-07-21T18:11:32","slug":"nuestra-senora-de-la-caridad","status":"publish","type":"page","link":"https:\/\/caridadloja.es\/?page_id=34","title":{"rendered":"NUESTRA SE\u00d1ORA DE LA CARIDAD"},"content":{"rendered":"\n<p>Hasta hace algunos a\u00f1os la atribuci\u00f3n de Nuestra Se\u00f1ora de la Caridad era al escultor Roldan de la Plata, como asi recog\u00eda en diversas fuentes, pero un hallazgo en un acta municipal del Ayuntamiento de Loja altera la autor\u00eda dos a\u00f1os, hasta 1950 no se realiza la talla actual de nuestra Patrona a manos del escultor afincado en granada, Francisco Mu\u00f1oz S\u00e1nchez.<\/p>\n","protected":false},"excerpt":{"rendered":"<p>Hasta hace algunos a\u00f1os la atribuci\u00f3n de Nuestra Se\u00f1ora de la Caridad era al escultor Roldan de la Plata, como asi recog\u00eda en diversas fuentes, pero un hallazgo en un acta municipal del Ayuntamiento de Loja altera la autor\u00eda dos a\u00f1os, hasta 1950 no se realiza la talla actual de nuestra Patrona a manos del&hellip; <a class=\"more-link\" href=\"https:\/\/caridadloja.es\/?page_id=34\">Seguir leyendo <span class=\"screen-reader-text\">NUESTRA SE\u00d1ORA DE LA CARIDAD<\/span><\/a><\/p>\n","protected":false},"author":1,"featured_media":0,"parent":19,"menu_order":0,"comment_status":"closed","ping_status":"closed","template":"","meta":{"footnotes":""},"class_list":["post-34","page","type-page","status-publish","hentry","entry"],"_links":{"self":[{"href":"https:\/\/caridadloja.es\/index.php?rest_route=\/wp\/v2\/pages\/34","targetHints":{"allow":["GET"]}}],"collection":[{"href":"https:\/\/caridadloja.es\/index.php?rest_route=\/wp\/v2\/pages"}],"about":[{"href":"https:\/\/caridadloja.es\/index.php?rest_route=\/wp\/v2\/types\/page"}],"author":[{"embeddable":true,"href":"https:\/\/caridadloja.es\/index.php?rest_route=\/wp\/v2\/users\/1"}],"replies":[{"embeddable":true,"href":"https:\/\/caridadloja.es\/index.php?rest_route=%2Fwp%2Fv2%2Fcomments&post=34"}],"version-history":[{"count":3,"href":"https:\/\/caridadloja.es\/index.php?rest_route=\/wp\/v2\/pages\/34\/revisions"}],"predecessor-version":[{"id":469,"href":"https:\/\/caridadloja.es\/index.php?rest_route=\/wp\/v2\/pages\/34\/revisions\/469"}],"up":[{"embeddable":true,"href":"https:\/\/caridadloja.es\/index.php?rest_route=\/wp\/v2\/pages\/19"}],"wp:attachment":[{"href":"https:\/\/caridadloja.es\/index.php?rest_route=%2Fwp%2Fv2%2Fmedia&parent=34"}],"curies":[{"name":"wp","href":"https:\/\/api.w.org\/{rel}","templated":true}]}}