{"id":344,"date":"2023-06-15T15:01:53","date_gmt":"2023-06-15T15:01:53","guid":{"rendered":"https:\/\/caridadloja.es\/?page_id=344"},"modified":"2023-12-11T18:19:39","modified_gmt":"2023-12-11T18:19:39","slug":"efemerides","status":"publish","type":"page","link":"https:\/\/caridadloja.es\/?page_id=344","title":{"rendered":"EFEM\u00c9RIDES"},"content":{"rendered":"\n<p class=\"has-text-align-center\"><strong>250 ANIVERSARIO NOMBRAMIENTO PATRONA DE LOJA<\/strong> <strong>2007<\/strong><\/p>\n\n\n\n<p class=\"has-text-align-center\">Im\u00e1genes pertenecientes a los actos del 250 aniversario del nombramiento de la Virgen de la Caridad Patrona de Loja <\/p>\n\n\n\n<div class=\"wp-block-columns is-layout-flex wp-container-core-columns-is-layout-9d6595d7 wp-block-columns-is-layout-flex\">\n<div class=\"wp-block-column is-layout-flow wp-block-column-is-layout-flow\">\n<figure class=\"wp-block-image size-full is-resized\"><img loading=\"lazy\" decoding=\"async\" width=\"960\" height=\"720\" src=\"https:\/\/caridadloja.es\/wp-content\/uploads\/2023\/06\/FB_IMG_1686842431810.jpg\" alt=\"\" class=\"wp-image-361\" style=\"width:212px;height:158px\" srcset=\"https:\/\/caridadloja.es\/wp-content\/uploads\/2023\/06\/FB_IMG_1686842431810.jpg 960w, https:\/\/caridadloja.es\/wp-content\/uploads\/2023\/06\/FB_IMG_1686842431810-300x225.jpg 300w, https:\/\/caridadloja.es\/wp-content\/uploads\/2023\/06\/FB_IMG_1686842431810-768x576.jpg 768w\" sizes=\"auto, (max-width: 960px) 100vw, 960px\" \/><\/figure>\n<\/div>\n\n\n\n<div class=\"wp-block-column is-layout-flow wp-block-column-is-layout-flow\">\n<figure class=\"wp-block-image size-full is-resized\"><img loading=\"lazy\" decoding=\"async\" width=\"720\" height=\"960\" src=\"https:\/\/caridadloja.es\/wp-content\/uploads\/2023\/06\/FB_IMG_1686842472846.jpg\" alt=\"\" class=\"wp-image-362\" style=\"width:209px;height:279px\" srcset=\"https:\/\/caridadloja.es\/wp-content\/uploads\/2023\/06\/FB_IMG_1686842472846.jpg 720w, https:\/\/caridadloja.es\/wp-content\/uploads\/2023\/06\/FB_IMG_1686842472846-225x300.jpg 225w\" sizes=\"auto, (max-width: 720px) 100vw, 720px\" \/><\/figure>\n<\/div>\n\n\n\n<div class=\"wp-block-column is-layout-flow wp-block-column-is-layout-flow\">\n<figure class=\"wp-block-image size-full is-resized\"><img loading=\"lazy\" decoding=\"async\" width=\"960\" height=\"720\" src=\"https:\/\/caridadloja.es\/wp-content\/uploads\/2023\/06\/FB_IMG_1686842494414.jpg\" alt=\"\" class=\"wp-image-363\" style=\"width:310px;height:231px\" srcset=\"https:\/\/caridadloja.es\/wp-content\/uploads\/2023\/06\/FB_IMG_1686842494414.jpg 960w, https:\/\/caridadloja.es\/wp-content\/uploads\/2023\/06\/FB_IMG_1686842494414-300x225.jpg 300w, https:\/\/caridadloja.es\/wp-content\/uploads\/2023\/06\/FB_IMG_1686842494414-768x576.jpg 768w\" sizes=\"auto, (max-width: 960px) 100vw, 960px\" \/><\/figure>\n<\/div>\n<\/div>\n\n\n\n<p class=\"has-text-align-center\"><strong>VIRGEN DE LA CARIDAD MAGNA MARIANA 2013<\/strong><\/p>\n\n\n\n<p class=\"has-text-align-center\">Participaci\u00f3n de la Virgen de la Caridad Patrona de Loja durante la Magna Mariana de Granada por el I Centenario de la Coronaci\u00f3n de la Virgen de las Angustias Patrona de Granada<\/p>\n\n\n\n<div class=\"wp-block-columns is-layout-flex wp-container-core-columns-is-layout-9d6595d7 wp-block-columns-is-layout-flex\">\n<div class=\"wp-block-column is-layout-flow wp-block-column-is-layout-flow\">\n<figure class=\"wp-block-image size-full is-resized\"><img loading=\"lazy\" decoding=\"async\" width=\"960\" height=\"720\" src=\"https:\/\/caridadloja.es\/wp-content\/uploads\/2023\/06\/FB_IMG_1686842893166.jpg\" alt=\"\" class=\"wp-image-366\" style=\"width:209px;height:156px\" srcset=\"https:\/\/caridadloja.es\/wp-content\/uploads\/2023\/06\/FB_IMG_1686842893166.jpg 960w, https:\/\/caridadloja.es\/wp-content\/uploads\/2023\/06\/FB_IMG_1686842893166-300x225.jpg 300w, https:\/\/caridadloja.es\/wp-content\/uploads\/2023\/06\/FB_IMG_1686842893166-768x576.jpg 768w\" sizes=\"auto, (max-width: 960px) 100vw, 960px\" \/><\/figure>\n<\/div>\n\n\n\n<div class=\"wp-block-column is-layout-flow wp-block-column-is-layout-flow\">\n<figure class=\"wp-block-image size-full is-resized\"><img loading=\"lazy\" decoding=\"async\" width=\"960\" height=\"720\" src=\"https:\/\/caridadloja.es\/wp-content\/uploads\/2023\/06\/FB_IMG_1686842985503-1.jpg\" alt=\"\" class=\"wp-image-369\" style=\"width:209px;height:156px\" srcset=\"https:\/\/caridadloja.es\/wp-content\/uploads\/2023\/06\/FB_IMG_1686842985503-1.jpg 960w, https:\/\/caridadloja.es\/wp-content\/uploads\/2023\/06\/FB_IMG_1686842985503-1-300x225.jpg 300w, https:\/\/caridadloja.es\/wp-content\/uploads\/2023\/06\/FB_IMG_1686842985503-1-768x576.jpg 768w\" sizes=\"auto, (max-width: 960px) 100vw, 960px\" \/><\/figure>\n<\/div>\n\n\n\n<div class=\"wp-block-column is-layout-flow wp-block-column-is-layout-flow\">\n<figure class=\"wp-block-image size-full is-resized\"><img loading=\"lazy\" decoding=\"async\" width=\"960\" height=\"637\" src=\"https:\/\/caridadloja.es\/wp-content\/uploads\/2023\/06\/FB_IMG_1686842918979-1.jpg\" alt=\"\" class=\"wp-image-370\" style=\"width:257px;height:170px\" srcset=\"https:\/\/caridadloja.es\/wp-content\/uploads\/2023\/06\/FB_IMG_1686842918979-1.jpg 960w, https:\/\/caridadloja.es\/wp-content\/uploads\/2023\/06\/FB_IMG_1686842918979-1-300x199.jpg 300w, https:\/\/caridadloja.es\/wp-content\/uploads\/2023\/06\/FB_IMG_1686842918979-1-768x510.jpg 768w\" sizes=\"auto, (max-width: 960px) 100vw, 960px\" \/><\/figure>\n<\/div>\n<\/div>\n\n\n\n<p class=\"has-text-align-center\"><strong>PROCESI\u00d3N CORPUS CHRISTI 2023<\/strong><\/p>\n\n\n\n<p class=\"has-text-align-center\">La Virgen de la Caridad acompa\u00f1\u00f3 como anta\u00f1o y de forma extraordinaria al Sant\u00edsimo por las calles de Loja. Hecho hist\u00f3rico que vuelve a repetirse casi un siglo despu\u00e9s<\/p>\n\n\n\n<div class=\"wp-block-columns is-layout-flex wp-container-core-columns-is-layout-9d6595d7 wp-block-columns-is-layout-flex\">\n<div class=\"wp-block-column is-layout-flow wp-block-column-is-layout-flow\">\n<figure class=\"wp-block-image size-large is-resized\"><img loading=\"lazy\" decoding=\"async\" width=\"1024\" height=\"683\" src=\"https:\/\/caridadloja.es\/wp-content\/uploads\/2023\/06\/FB_IMG_1686509159892-1024x683.jpg\" alt=\"\" class=\"wp-image-373\" style=\"width:316px;height:210px\" srcset=\"https:\/\/caridadloja.es\/wp-content\/uploads\/2023\/06\/FB_IMG_1686509159892-1024x683.jpg 1024w, https:\/\/caridadloja.es\/wp-content\/uploads\/2023\/06\/FB_IMG_1686509159892-300x200.jpg 300w, https:\/\/caridadloja.es\/wp-content\/uploads\/2023\/06\/FB_IMG_1686509159892-768x512.jpg 768w, https:\/\/caridadloja.es\/wp-content\/uploads\/2023\/06\/FB_IMG_1686509159892.jpg 1080w\" sizes=\"auto, (max-width: 1024px) 100vw, 1024px\" \/><\/figure>\n\n\n\n<figure class=\"wp-block-image size-large is-resized\"><img loading=\"lazy\" decoding=\"async\" width=\"1024\" height=\"768\" src=\"https:\/\/caridadloja.es\/wp-content\/uploads\/2023\/06\/IMG-20230611-WA0038-1024x768.jpg\" alt=\"\" class=\"wp-image-375\" style=\"width:316px;height:236px\" srcset=\"https:\/\/caridadloja.es\/wp-content\/uploads\/2023\/06\/IMG-20230611-WA0038-1024x768.jpg 1024w, https:\/\/caridadloja.es\/wp-content\/uploads\/2023\/06\/IMG-20230611-WA0038-300x225.jpg 300w, https:\/\/caridadloja.es\/wp-content\/uploads\/2023\/06\/IMG-20230611-WA0038-768x576.jpg 768w, https:\/\/caridadloja.es\/wp-content\/uploads\/2023\/06\/IMG-20230611-WA0038.jpg 1080w\" sizes=\"auto, (max-width: 1024px) 100vw, 1024px\" \/><\/figure>\n<\/div>\n\n\n\n<div class=\"wp-block-column is-layout-flow wp-block-column-is-layout-flow\">\n<figure class=\"wp-block-image size-large\"><img loading=\"lazy\" decoding=\"async\" width=\"682\" height=\"1024\" src=\"https:\/\/caridadloja.es\/wp-content\/uploads\/2023\/06\/IMG-20230611-WA0072-682x1024.jpg\" alt=\"\" class=\"wp-image-374\" srcset=\"https:\/\/caridadloja.es\/wp-content\/uploads\/2023\/06\/IMG-20230611-WA0072-682x1024.jpg 682w, https:\/\/caridadloja.es\/wp-content\/uploads\/2023\/06\/IMG-20230611-WA0072-200x300.jpg 200w, https:\/\/caridadloja.es\/wp-content\/uploads\/2023\/06\/IMG-20230611-WA0072-768x1153.jpg 768w, https:\/\/caridadloja.es\/wp-content\/uploads\/2023\/06\/IMG-20230611-WA0072-1023x1536.jpg 1023w, https:\/\/caridadloja.es\/wp-content\/uploads\/2023\/06\/IMG-20230611-WA0072.jpg 1066w\" sizes=\"auto, (max-width: 682px) 100vw, 682px\" \/><\/figure>\n<\/div>\n<\/div>\n\n\n\n<figure class=\"wp-block-image size-full is-resized\"><img loading=\"lazy\" decoding=\"async\" width=\"720\" height=\"480\" src=\"https:\/\/caridadloja.es\/wp-content\/uploads\/2023\/06\/IMG-20230611-WA0074.jpg\" alt=\"\" class=\"wp-image-376\" style=\"width:610px;height:406px\" srcset=\"https:\/\/caridadloja.es\/wp-content\/uploads\/2023\/06\/IMG-20230611-WA0074.jpg 720w, https:\/\/caridadloja.es\/wp-content\/uploads\/2023\/06\/IMG-20230611-WA0074-300x200.jpg 300w\" sizes=\"auto, (max-width: 720px) 100vw, 720px\" \/><\/figure>\n\n\n\n<div class=\"wp-block-columns is-layout-flex wp-container-core-columns-is-layout-9d6595d7 wp-block-columns-is-layout-flex\">\n<div class=\"wp-block-column is-layout-flow wp-block-column-is-layout-flow\">\n<figure class=\"wp-block-image size-large is-resized\"><img loading=\"lazy\" decoding=\"async\" width=\"1024\" height=\"683\" src=\"https:\/\/caridadloja.es\/wp-content\/uploads\/2023\/06\/IMG-20230613-WA0015-1024x683.jpg\" alt=\"\" class=\"wp-image-377\" style=\"width:321px;height:214px\" srcset=\"https:\/\/caridadloja.es\/wp-content\/uploads\/2023\/06\/IMG-20230613-WA0015-1024x683.jpg 1024w, https:\/\/caridadloja.es\/wp-content\/uploads\/2023\/06\/IMG-20230613-WA0015-300x200.jpg 300w, https:\/\/caridadloja.es\/wp-content\/uploads\/2023\/06\/IMG-20230613-WA0015-768x512.jpg 768w, https:\/\/caridadloja.es\/wp-content\/uploads\/2023\/06\/IMG-20230613-WA0015.jpg 1080w\" sizes=\"auto, (max-width: 1024px) 100vw, 1024px\" \/><\/figure>\n<\/div>\n\n\n\n<div class=\"wp-block-column is-layout-flow wp-block-column-is-layout-flow\">\n<figure class=\"wp-block-image size-large is-resized\"><img loading=\"lazy\" decoding=\"async\" width=\"1024\" height=\"683\" src=\"https:\/\/caridadloja.es\/wp-content\/uploads\/2023\/06\/IMG-20230613-WA0016-1024x683.jpg\" alt=\"\" class=\"wp-image-378\" style=\"width:321px;height:214px\" srcset=\"https:\/\/caridadloja.es\/wp-content\/uploads\/2023\/06\/IMG-20230613-WA0016-1024x683.jpg 1024w, https:\/\/caridadloja.es\/wp-content\/uploads\/2023\/06\/IMG-20230613-WA0016-300x200.jpg 300w, https:\/\/caridadloja.es\/wp-content\/uploads\/2023\/06\/IMG-20230613-WA0016-768x512.jpg 768w, https:\/\/caridadloja.es\/wp-content\/uploads\/2023\/06\/IMG-20230613-WA0016.jpg 1080w\" sizes=\"auto, (max-width: 1024px) 100vw, 1024px\" \/><\/figure>\n<\/div>\n<\/div>\n\n\n\n<p class=\"has-text-align-center\">Fotos extra\u00eddas del: El Corto de Loja, Claudio J\u00e1imez, Miguel P\u00e9rez y Jos\u00e9 Padilla.<\/p>\n","protected":false},"excerpt":{"rendered":"<p>250 ANIVERSARIO NOMBRAMIENTO PATRONA DE LOJA 2007 Im\u00e1genes pertenecientes a los actos del 250 aniversario del nombramiento de la Virgen de la Caridad Patrona de Loja VIRGEN DE LA CARIDAD MAGNA MARIANA 2013 Participaci\u00f3n de la Virgen de la Caridad Patrona de Loja durante la Magna Mariana de Granada por el I Centenario de la&hellip; <a class=\"more-link\" href=\"https:\/\/caridadloja.es\/?page_id=344\">Seguir leyendo <span class=\"screen-reader-text\">EFEM\u00c9RIDES<\/span><\/a><\/p>\n","protected":false},"author":1,"featured_media":0,"parent":0,"menu_order":0,"comment_status":"closed","ping_status":"closed","template":"","meta":{"footnotes":""},"class_list":["post-344","page","type-page","status-publish","hentry","entry"],"_links":{"self":[{"href":"https:\/\/caridadloja.es\/index.php?rest_route=\/wp\/v2\/pages\/344","targetHints":{"allow":["GET"]}}],"collection":[{"href":"https:\/\/caridadloja.es\/index.php?rest_route=\/wp\/v2\/pages"}],"about":[{"href":"https:\/\/caridadloja.es\/index.php?rest_route=\/wp\/v2\/types\/page"}],"author":[{"embeddable":true,"href":"https:\/\/caridadloja.es\/index.php?rest_route=\/wp\/v2\/users\/1"}],"replies":[{"embeddable":true,"href":"https:\/\/caridadloja.es\/index.php?rest_route=%2Fwp%2Fv2%2Fcomments&post=344"}],"version-history":[{"count":6,"href":"https:\/\/caridadloja.es\/index.php?rest_route=\/wp\/v2\/pages\/344\/revisions"}],"predecessor-version":[{"id":430,"href":"https:\/\/caridadloja.es\/index.php?rest_route=\/wp\/v2\/pages\/344\/revisions\/430"}],"wp:attachment":[{"href":"https:\/\/caridadloja.es\/index.php?rest_route=%2Fwp%2Fv2%2Fmedia&parent=344"}],"curies":[{"name":"wp","href":"https:\/\/api.w.org\/{rel}","templated":true}]}}