{"id":37,"date":"2022-08-17T17:15:39","date_gmt":"2022-08-17T17:15:39","guid":{"rendered":"https:\/\/caridadloja.es\/?page_id=37"},"modified":"2024-07-21T18:02:05","modified_gmt":"2024-07-21T18:02:05","slug":"patrimonio-literario","status":"publish","type":"page","link":"https:\/\/caridadloja.es\/?page_id=37","title":{"rendered":"PATRIMONIO LITERARIO"},"content":{"rendered":"\n<p class=\"has-text-align-center\"><strong>\u00abSalve a Nuestra Se\u00f1ora de la Caridad\u00bb por Rafael Morales<\/strong>.<\/p>\n\n\n\n<div class=\"wp-block-columns is-layout-flex wp-container-core-columns-is-layout-9d6595d7 wp-block-columns-is-layout-flex\">\n<div class=\"wp-block-column is-layout-flow wp-block-column-is-layout-flow\">\n<p class=\"has-text-align-center\">Virgen de la Caridad, patrona de los loje\u00f1os, por tu infinita bondad ac\u00f3genos en tu seno; vela por nosotros, Madre, Madre del Amor fraterno. Loja entera te proclama como su reina y se\u00f1ora. Lucero de la ma\u00f1ana virgen plena de hermosura. Entre todas las mujeres la m\u00e1s bella y la m\u00e1s pura. <\/p>\n\n\n\n<p class=\"has-text-align-center\">Postrados ante tus plantas te venimos a cantar. \u00a1Salve, salve, salve! \u00a1Patrona de los loje\u00f1os! \u00a1Salve, salve, salve! \u00a1Dios te salve Caridad!<\/p>\n<\/div>\n\n\n\n<div class=\"wp-block-column is-layout-flow wp-block-column-is-layout-flow\">\n<p class=\"has-text-align-center\">Eres rosa sin espinas de nuestros males, consuelo, sin pecado concebida la loje\u00f1a m\u00e1s preciada. Eres la reina del cielo Soberana inmaculada. Por tu bendita clemencia ten con nosotros piedad, Madre de Dios elegida, l\u00edbranos de todo mal y res\u00e9rvanos un sitio en la corte celestial.<\/p>\n\n\n\n<p class=\"has-text-align-center\">                                                  Puestos los ojos en ti te venimos a cantar. \u00a1Salve, salve, salve! \u00a1Patrona de los loje\u00f1os! \u00a1Salve, salve, salve! \u00a1Dios te salve Caridad!<\/p>\n<\/div>\n<\/div>\n\n\n\n<p><strong>\u00abA Ntra. Sra. de la Caridad\u00bb por el padre Jim\u00e9nez Campa\u00f1a<\/strong>.<\/p>\n\n\n\n<div class=\"wp-block-columns is-layout-flex wp-container-core-columns-is-layout-9d6595d7 wp-block-columns-is-layout-flex\">\n<div class=\"wp-block-column is-layout-flow wp-block-column-is-layout-flow\">\n<p class=\"has-text-align-center\">Hermosa Virgen Mar\u00eda,                                                                    Que tienes ojos de estrellas,                                                          Labios de encendida rosa                                                                     Y la frente de azucenas,                                                                         Tu amparas a los loje\u00f1os                                                                            Con tus mercedes ben\u00e9ficas,                                                                    Y no hay mal que no remedies,                                                             Ni hay contigo negras penas,                                                               Cuando el sol se oculta hermoso                                                                 Y oscura la noche ciega,                                                                     De pesares y dolores                                                                          Tu santa Ermita se llena,                                                                         Y tu Madre de los hombres,                                                                   oye sus dulces querellas,                                                                                  Y sus lagrimas enjugas,                                                                           Y sus desdichas remedias.                                                                     <\/p>\n<\/div>\n\n\n\n<div class=\"wp-block-column is-layout-flow wp-block-column-is-layout-flow\">\n<p class=\"has-text-align-center\">Tienes hermosa la cara,                                                                         Porque en la cara reflejas                                                                     Aquella limpia hermosura,                                                                    Aquella dulce belleza                                                                     Aquellas tierras extra\u00f1as                                                                            De santos amores llena,                                                                      De caridad siempre henchidas                                                              Y magn\u00e1nima clemencia.                                                                 Aurora de nuestros d\u00edas,                                                                            Por el sol bello que llevas                                                                    En tus brazos virginales,                                                                               Que lo acarician y aprietan,                                                                    No te olvides de tu Loja,                                                                       Que contigo se consuela,                                                                           Y que contigo se engr\u00ede,                                                                     Pues eres su hermosa Reina.<\/p>\n<\/div>\n<\/div>\n\n\n\n<p class=\"has-text-align-center\"><strong>\u00abHimno a Nuestra Patrona\u00bb por el Padre Jim\u00e9nez Campa\u00f1a<\/strong><\/p>\n\n\n\n<div class=\"wp-block-columns is-layout-flex wp-container-core-columns-is-layout-9d6595d7 wp-block-columns-is-layout-flex\">\n<div class=\"wp-block-column is-layout-flow wp-block-column-is-layout-flow\">\n<p class=\"has-text-align-center\">Reina Excelsa te aclamamos                                                          Virgen de la Caridad,                                                                         que en ti Se\u00f1ora encontramos                                                           un tesoro de bondad.                                                                   Caridad te llamamos Se\u00f1ora,                                                                 como Reina y Patrona Gloriosa                                                                 de esta Loja que invoca piadosa                                                                al Jes\u00fas Nazareno de aqu\u00ed.                                                                   Si a tu hijo lo quiere y adora                                                                   con ardor y entusiasmo ferviente                                                             es que vive, piensa y que siente                                                          recibiendo el ejemplo de ti.<\/p>\n<\/div>\n<\/div>\n\n\n\n<p class=\"has-text-align-center\"><strong>Buler\u00edas de Loja Antonio Moreno \u00abEl Calero\u00bb<\/strong><\/p>\n\n\n\n<div class=\"wp-block-columns are-vertically-aligned-center is-layout-flex wp-container-core-columns-is-layout-9d6595d7 wp-block-columns-is-layout-flex\">\n<div class=\"wp-block-column is-vertically-aligned-center is-layout-flow wp-block-column-is-layout-flow\" style=\"flex-basis:25%\"><\/div>\n\n\n\n<div class=\"wp-block-column is-vertically-aligned-center is-layout-flow wp-block-column-is-layout-flow\" style=\"flex-basis:50%\">\n<p class=\"has-text-align-center\">Tiene Loja una patrona                                                                    M\u00e1s bonita que el coral                                                                       Es chiquita pero hermosa                                                             Virgen de la Caridad<\/p>\n<\/div>\n\n\n\n<div class=\"wp-block-column is-vertically-aligned-center is-layout-flow wp-block-column-is-layout-flow\" style=\"flex-basis:25%\"><\/div>\n<\/div>\n","protected":false},"excerpt":{"rendered":"<p>\u00abSalve a Nuestra Se\u00f1ora de la Caridad\u00bb por Rafael Morales. Virgen de la Caridad, patrona de los loje\u00f1os, por tu infinita bondad ac\u00f3genos en tu seno; vela por nosotros, Madre, Madre del Amor fraterno. Loja entera te proclama como su reina y se\u00f1ora. Lucero de la ma\u00f1ana virgen plena de hermosura. Entre todas las mujeres&hellip; <a class=\"more-link\" href=\"https:\/\/caridadloja.es\/?page_id=37\">Seguir leyendo <span class=\"screen-reader-text\">PATRIMONIO LITERARIO<\/span><\/a><\/p>\n","protected":false},"author":1,"featured_media":0,"parent":21,"menu_order":0,"comment_status":"closed","ping_status":"closed","template":"","meta":{"footnotes":""},"class_list":["post-37","page","type-page","status-publish","hentry","entry"],"_links":{"self":[{"href":"https:\/\/caridadloja.es\/index.php?rest_route=\/wp\/v2\/pages\/37","targetHints":{"allow":["GET"]}}],"collection":[{"href":"https:\/\/caridadloja.es\/index.php?rest_route=\/wp\/v2\/pages"}],"about":[{"href":"https:\/\/caridadloja.es\/index.php?rest_route=\/wp\/v2\/types\/page"}],"author":[{"embeddable":true,"href":"https:\/\/caridadloja.es\/index.php?rest_route=\/wp\/v2\/users\/1"}],"replies":[{"embeddable":true,"href":"https:\/\/caridadloja.es\/index.php?rest_route=%2Fwp%2Fv2%2Fcomments&post=37"}],"version-history":[{"count":15,"href":"https:\/\/caridadloja.es\/index.php?rest_route=\/wp\/v2\/pages\/37\/revisions"}],"predecessor-version":[{"id":467,"href":"https:\/\/caridadloja.es\/index.php?rest_route=\/wp\/v2\/pages\/37\/revisions\/467"}],"up":[{"embeddable":true,"href":"https:\/\/caridadloja.es\/index.php?rest_route=\/wp\/v2\/pages\/21"}],"wp:attachment":[{"href":"https:\/\/caridadloja.es\/index.php?rest_route=%2Fwp%2Fv2%2Fmedia&parent=37"}],"curies":[{"name":"wp","href":"https:\/\/api.w.org\/{rel}","templated":true}]}}